{"id":800,"date":"2020-03-08T20:30:24","date_gmt":"2020-03-08T19:30:24","guid":{"rendered":"http:\/\/giannitrans.com\/?page_id=800"},"modified":"2020-03-08T20:30:26","modified_gmt":"2020-03-08T19:30:26","slug":"aviso-legal","status":"publish","type":"page","link":"https:\/\/giannitrans.com\/index.php\/aviso-legal\/","title":{"rendered":"Aviso legal"},"content":{"rendered":"\n<p>\n\nLEY DE LOS SERVICIOS DE LA SOCIEDAD DE LA INFORMACI\u00d3N (LSSI)\nGIANNITRANS, S.L., responsable del sitio web, en adelante RESPONSABLE, pone a disposici\u00f3n de\nlos usuarios el presente documento, con el que pretende dar cumplimiento a las obligaciones\ndispuestas en la Ley 34\/2002, de 11 de julio, de Servicios de la Sociedad de la Informaci\u00f3n y de\nComercio Electr\u00f3nico (LSSICE), BOE N.\u00ba 166, as\u00ed como informar a todos los usuarios del sitio web\nrespecto a cu\u00e1les son las condiciones de uso.\nToda persona que acceda a este sitio web asume el papel de usuario, comprometi\u00e9ndose a la\nobservancia y cumplimiento riguroso de las disposiciones aqu\u00ed dispuestas, as\u00ed como a cualquier otra\ndisposici\u00f3n legal que fuera de aplicaci\u00f3n.\nGIANNITRANS, S.L. se reserva el derecho de modificar cualquier tipo de informaci\u00f3n que pudiera\naparecer en el sitio web, sin que exista obligaci\u00f3n de preavisar o poner en conocimiento de los\nusuarios dichas obligaciones, entendi\u00e9ndose como suficiente la publicaci\u00f3n en el sitio web de\nGIANNITRANS, S.L..\n1. DATOS IDENTIFICATIVOS\nNombre de dominio: giannitrans.com\nNombre comercial: GIANNITRANS, S.L.\nDenominaci\u00f3n social: GIANNITRANS, S.L.\nNIF: B12961041\nDomicilio social: C\/ Sierra de Mariola 3 2 D , 12006 Castell\u00f3n (CASTELL\u00d3N)\nTel\u00e9fono: 685280206\ne-mail: contabilidad@giannitrans.com\nInscrita en el Registro (Mercantil \/ P\u00fablico):\n2. DERECHOS DE PROPIEDAD INTELECTUAL E INDUSTRIAL\nEl sitio web, incluyendo a t\u00edtulo enunciativo pero no limitativo su programaci\u00f3n, edici\u00f3n, compilaci\u00f3n y\ndem\u00e1s elementos necesarios para su funcionamiento, los dise\u00f1os, logotipos, texto y\/o gr\u00e1ficos, son\npropiedad del RESPONSABLE o, si es el caso, dispone de licencia o autorizaci\u00f3n expresa por parte de\nlos autores. Todos los contenidos del sitio web se encuentran debidamente protegidos por la normativa\nde propiedad intelectual e industrial, as\u00ed como inscritos en los registros p\u00fablicos correspondientes.\nIndependientemente de la finalidad para la que fueran destinados, la reproducci\u00f3n total o parcial, uso,\nexplotaci\u00f3n, distribuci\u00f3n y comercializaci\u00f3n, requiere en todo caso la autorizaci\u00f3n escrita previa por\nparte del RESPONSABLE. Cualquier uso no autorizado previamente se considera un incumplimiento\ngrave de los derechos de propiedad intelectual o industrial del autor.\nLos dise\u00f1os, logotipos, texto y\/o gr\u00e1ficos ajenos al RESPONSABLE y que pudieran aparecer en el sitio\nweb, pertenecen a sus respectivos propietarios, siendo ellos mismos responsables de cualquier posible\ncontroversia que pudiera suscitarse respecto a los mismos. El RESPONSABLE autoriza expresamente\na que terceros puedan redirigir directamente a los contenidos concretos del sitio web, y en todo caso\nredirigir al sitio web principal de giannitrans.com.\nEl RESPONSABLE reconoce a favor de sus titulares los correspondientes derechos de propiedad\nGIANNITRANS, S.L.\nP. 2\nGIANNITRANS, S.L.\nC\/ Sierra de Mariola, 3 &#8211; 2 D 12006 Castell\u00f3n (Castell\u00f3n)\nintelectual e industrial, no implicando su sola menci\u00f3n o aparici\u00f3n en el sitio web la existencia de\nderechos o responsabilidad alguna sobre los mismos, como tampoco respaldo, patrocinio o\nrecomendaci\u00f3n por parte del mismo.\nPara realizar cualquier tipo de observaci\u00f3n respecto a posibles incumplimientos de los derechos de\npropiedad intelectual o industrial, as\u00ed como sobre cualquiera de los contenidos del sitio web, puede\nhacerlo a trav\u00e9s del correo electr\u00f3nico contabilidad@giannitrans.com.\n3. EXENCI\u00d3N DE RESPONSABILIDADES\nEl RESPONSABLE se exime de cualquier tipo de responsabilidad derivada de la informaci\u00f3n publicada\nen su sitio web siempre que esta informaci\u00f3n haya sido manipulada o introducida por un tercero ajeno\nal mismo.\nUso de Cookies\nEste sitio web puede utilizar cookies t\u00e9cnicas (peque\u00f1os archivos de informaci\u00f3n que el servidor env\u00eda\nal ordenador de quien accede a la p\u00e1gina) para llevar a cabo determinadas funciones que son\nconsideradas imprescindibles para el correcto funcionamiento y visualizaci\u00f3n del sitio. Las cookies\nutilizadas tienen, en todo caso, car\u00e1cter temporal, con la \u00fanica finalidad de hacer m\u00e1s eficaz la\nnavegaci\u00f3n, y desaparecen al terminar la sesi\u00f3n del usuario. En ning\u00fan caso, estas cookies\nproporcionan por s\u00ed mismas datos de car\u00e1cter personal y no se utilizar\u00e1n para la recogida de los\nmismos.\nMediante el uso de cookies tambi\u00e9n es posible que el servidor donde se encuentra la web reconozca el\nnavegador utilizado por el usuario con la finalidad de que la navegaci\u00f3n sea m\u00e1s sencilla, permitiendo,\npor ejemplo, el acceso de los usuarios que se hayan registrado previamente a las \u00e1reas, servicios,\npromociones o concursos reservados exclusivamente a ellos sin tener que registrarse en cada visita.\nTambi\u00e9n se pueden utilizar para medir la audiencia, par\u00e1metros de tr\u00e1fico, controlar el progreso y\nn\u00famero de entradas, etc., siendo en estos casos cookies prescindibles t\u00e9cnicamente, pero\nbeneficiosas para el usuario. Este sitio web no instalar\u00e1 cookies prescindibles sin el consentimiento\nprevio del usuario.\nEl usuario tiene la posibilidad de configurar su navegador para ser alertado de la recepci\u00f3n de cookies\ny para impedir su instalaci\u00f3n en su equipo. Por favor, consulte las instrucciones de su navegador para\nampliar esta informaci\u00f3n.\nPol\u00edtica de enlaces\nDesde el sitio web, es posible que se redirija a contenidos de terceros sitios web. Dado que el\nRESPONSABLE no puede controlar siempre los contenidos introducidos por terceros en sus\nrespectivos sitios web, no asume ning\u00fan tipo de responsabilidad respecto a dichos contenidos. En todo\ncaso, proceder\u00e1 a la retirada inmediata de cualquier contenido que pudiera contravenir la legislaci\u00f3n\nnacional o internacional, la moral o el orden p\u00fablico, procediendo a la retirada inmediata de la\nredirecci\u00f3n a dicho sitio web, poniendo en conocimiento de las autoridades competentes el contenido\nen cuesti\u00f3n.\nEl RESPONSABLE no se hace responsable de la informaci\u00f3n y contenidos almacenados, a t\u00edtulo\nenunciativo pero no limitativo, en foros, chats, generadores de blogs, comentarios, redes sociales o\ncualquier otro medio que permita a terceros publicar contenidos de forma independiente en la p\u00e1gina\nweb del RESPONSABLE. Sin embargo, y en cumplimiento de lo dispuesto en los art\u00edculos 11 y 16 de\nla LSSICE, se pone a disposici\u00f3n de todos los usuarios, autoridades y fuerzas de seguridad,\ncolaborando de forma activa en la retirada o, en su caso, bloqueo de todos aquellos contenidos que\npuedan afectar o contravenir la legislaci\u00f3n nacional o internacional, los derechos de terceros o la moral\ny el orden p\u00fablico. En caso de que el usuario considere que existe en el sitio web alg\u00fan contenido que\nGIANNITRANS, S.L.\nP. 3\nGIANNITRANS, S.L.\nC\/ Sierra de Mariola, 3 &#8211; 2 D 12006 Castell\u00f3n (Castell\u00f3n)\npudiera ser susceptible de esta clasificaci\u00f3n, se ruega lo notifique de forma inmediata al administrador\ndel sitio web.\nEste sitio web se ha revisado y probado para que funcione correctamente. En principio, puede\ngarantizarse el correcto funcionamiento los 365 d\u00edas del a\u00f1o, 24 horas al d\u00eda. Sin embargo, el\nRESPONSABLE no descarta la posibilidad de que existan ciertos errores de programaci\u00f3n, o que\nacontezcan causas de fuerza mayor, cat\u00e1strofes naturales, huelgas o circunstancias semejantes que\nhagan imposible el acceso a la p\u00e1gina web.\nDirecciones IP\nLos servidores del sitio web podr\u00e1n detectar de manera autom\u00e1tica la direcci\u00f3n IP y el nombre de\ndominio utilizados por el usuario. Una direcci\u00f3n IP es un n\u00famero asignado autom\u00e1ticamente a un\nordenador cuando este se conecta a Internet. Toda esta informaci\u00f3n se registra en un fichero de\nactividad del servidor que permite el posterior procesamiento de los datos con el fin de obtener\nmediciones \u00fanicamente estad\u00edsticas que permitan conocer el n\u00famero de impresiones de p\u00e1ginas, el\nn\u00famero de visitas realizadas a los servidores web, el orden de visitas, el punto de acceso, etc.\n4. LEY APLICABLE Y JURISDICCI\u00d3N\nPara la resoluci\u00f3n de todas las controversias o cuestiones relacionadas con el presente sitio web o de\nlas actividades en \u00e9l desarrolladas, ser\u00e1 de aplicaci\u00f3n la legislaci\u00f3n espa\u00f1ola, a la que se someten\nexpresamente las partes, siendo competentes para la resoluci\u00f3n de todos los conflictos derivados o\nrelacionados con su uso los Juzgados y Tribunales m\u00e1s cercanos a Castell\u00f3n.\n\n<\/p>\n","protected":false},"excerpt":{"rendered":"<p>LEY DE LOS SERVICIOS DE LA SOCIEDAD DE LA INFORMACI\u00d3N (LSSI) GIANNITRANS, S.L., responsable del sitio web, en adelante RESPONSABLE, pone a disposici\u00f3n de los usuarios el presente documento, con el que pretende dar cumplimiento a las obligaciones dispuestas en la Ley 34\/2002, de 11 de julio, de Servicios de la Sociedad de la Informaci\u00f3n [&hellip;]<\/p>\n","protected":false},"author":1,"featured_media":0,"parent":0,"menu_order":0,"comment_status":"closed","ping_status":"closed","template":"","meta":{"_et_pb_use_builder":"","_et_pb_old_content":"","_et_gb_content_width":"","_monsterinsights_skip_tracking":false,"_monsterinsights_sitenote_active":false,"_monsterinsights_sitenote_note":"","_monsterinsights_sitenote_category":0},"_links":{"self":[{"href":"https:\/\/giannitrans.com\/index.php\/wp-json\/wp\/v2\/pages\/800"}],"collection":[{"href":"https:\/\/giannitrans.com\/index.php\/wp-json\/wp\/v2\/pages"}],"about":[{"href":"https:\/\/giannitrans.com\/index.php\/wp-json\/wp\/v2\/types\/page"}],"author":[{"embeddable":true,"href":"https:\/\/giannitrans.com\/index.php\/wp-json\/wp\/v2\/users\/1"}],"replies":[{"embeddable":true,"href":"https:\/\/giannitrans.com\/index.php\/wp-json\/wp\/v2\/comments?post=800"}],"version-history":[{"count":1,"href":"https:\/\/giannitrans.com\/index.php\/wp-json\/wp\/v2\/pages\/800\/revisions"}],"predecessor-version":[{"id":802,"href":"https:\/\/giannitrans.com\/index.php\/wp-json\/wp\/v2\/pages\/800\/revisions\/802"}],"wp:attachment":[{"href":"https:\/\/giannitrans.com\/index.php\/wp-json\/wp\/v2\/media?parent=800"}],"curies":[{"name":"wp","href":"https:\/\/api.w.org\/{rel}","templated":true}]}}