{"id":711,"date":"2019-09-25T18:08:53","date_gmt":"2019-09-25T16:08:53","guid":{"rendered":"http:\/\/giannitrans.com\/?page_id=711"},"modified":"2019-09-25T18:10:51","modified_gmt":"2019-09-25T16:10:51","slug":"logistica-2","status":"publish","type":"page","link":"https:\/\/giannitrans.com\/index.php\/ro\/logistica-2\/","title":{"rendered":"Logistica"},"content":{"rendered":"<p><img decoding=\"async\" src=\"http:\/\/giannitrans.com\/wp-content\/uploads\/elementor\/thumbs\/WhatsApp-Image-2019-09-05-at-15.04.21-odbxyy3cdlcna30d5xpuih7huf6bt4ogeuec7tj9nw.jpeg\" title=\"WhatsApp Image 2019-09-05 at 15.04.21\" alt=\"WhatsApp Image 2019-09-05 at 15.04.21\" \/><br \/>\n\t\t\t\t\t\t\t\t\t\t<img decoding=\"async\" src=\"http:\/\/giannitrans.com\/wp-content\/uploads\/elementor\/thumbs\/WhatsApp-Image-2019-09-05-at-15.04.502-1-odbxviyjy07tbzm4amv53satbxk3kikouj4elgica4.jpeg\" title=\"WhatsApp Image 2019-09-05 at 15.04.50(2)\" alt=\"WhatsApp Image 2019-09-05 at 15.04.50(2)\" \/><br \/>\n\t\t\u00cen compania noastr\u0103 oferim servicii personalizate de logistic\u0103 integral\u0103, ca r\u0103spuns la nevoile clien\u021bilor no\u0219tri pentru care avem facilit\u0103\u021bi de 500 m\u00b2, angaj\u00e2ndu-ne c\u0103 m\u0103rfurile pe care le transport\u0103m sau le depozit\u0103m sunt la locul potrivit, la momentul potrivit \u0219i \u00een condi\u021bii mai bune, particip\u00e2nd pe c\u00e2t posibil la rentabilitatea lor.<\/p>\n","protected":false},"excerpt":{"rendered":"<p>\u00cen compania noastr\u0103 oferim servicii personalizate de logistic\u0103 integral\u0103, ca r\u0103spuns la nevoile clien\u021bilor no\u0219tri pentru care avem facilit\u0103\u021bi de 500 m\u00b2, angaj\u00e2ndu-ne c\u0103 m\u0103rfurile pe care le transport\u0103m sau le depozit\u0103m sunt la locul potrivit, la momentul potrivit \u0219i \u00een condi\u021bii mai bune, particip\u00e2nd pe c\u00e2t posibil la rentabilitatea lor.<\/p>\n","protected":false},"author":1,"featured_media":0,"parent":0,"menu_order":0,"comment_status":"closed","ping_status":"closed","template":"elementor_header_footer","meta":{"_et_pb_use_builder":"","_et_pb_old_content":"","_et_gb_content_width":"","_monsterinsights_skip_tracking":false,"_monsterinsights_sitenote_active":false,"_monsterinsights_sitenote_note":"","_monsterinsights_sitenote_category":0},"_links":{"self":[{"href":"https:\/\/giannitrans.com\/index.php\/wp-json\/wp\/v2\/pages\/711"}],"collection":[{"href":"https:\/\/giannitrans.com\/index.php\/wp-json\/wp\/v2\/pages"}],"about":[{"href":"https:\/\/giannitrans.com\/index.php\/wp-json\/wp\/v2\/types\/page"}],"author":[{"embeddable":true,"href":"https:\/\/giannitrans.com\/index.php\/wp-json\/wp\/v2\/users\/1"}],"replies":[{"embeddable":true,"href":"https:\/\/giannitrans.com\/index.php\/wp-json\/wp\/v2\/comments?post=711"}],"version-history":[{"count":2,"href":"https:\/\/giannitrans.com\/index.php\/wp-json\/wp\/v2\/pages\/711\/revisions"}],"predecessor-version":[{"id":716,"href":"https:\/\/giannitrans.com\/index.php\/wp-json\/wp\/v2\/pages\/711\/revisions\/716"}],"wp:attachment":[{"href":"https:\/\/giannitrans.com\/index.php\/wp-json\/wp\/v2\/media?parent=711"}],"curies":[{"name":"wp","href":"https:\/\/api.w.org\/{rel}","templated":true}]}}