{"id":683,"date":"2019-09-25T16:18:22","date_gmt":"2019-09-25T14:18:22","guid":{"rendered":"http:\/\/giannitrans.com\/?page_id=683"},"modified":"2020-01-09T15:34:34","modified_gmt":"2020-01-09T14:34:34","slug":"companie","status":"publish","type":"page","link":"https:\/\/giannitrans.com\/index.php\/ro\/companie\/","title":{"rendered":"COMPANIE"},"content":{"rendered":"<p><img decoding=\"async\" src=\"http:\/\/giannitrans.com\/wp-content\/uploads\/2019\/09\/oficina_exterior.jpg\" title=\"oficina_exterior\" alt=\"oficina_exterior\" \/><br \/>\n\t\t\t\t\t\t\t\t\t\t<img decoding=\"async\" loading=\"lazy\" width=\"700\" height=\"525\" src=\"http:\/\/giannitrans.com\/wp-content\/uploads\/2019\/08\/oficce_3-700x525.jpg\" alt=\"\" srcset=\"http:\/\/giannitrans.com\/wp-content\/uploads\/2019\/08\/oficce_3-700x525.jpg 700w, http:\/\/giannitrans.com\/wp-content\/uploads\/2019\/08\/oficce_3-300x225.jpg 300w, http:\/\/giannitrans.com\/wp-content\/uploads\/2019\/08\/oficce_3-768x576.jpg 768w, http:\/\/giannitrans.com\/wp-content\/uploads\/2019\/08\/oficce_3-800x600.jpg 800w, http:\/\/giannitrans.com\/wp-content\/uploads\/2019\/08\/oficce_3-80x60.jpg 80w\" sizes=\"(max-width: 700px) 100vw, 700px\" \/>\t\t\t\t\t\t\t\t\t\t\t<\/p>\n<p><strong>Giannitrans<\/strong> este o companie modern\u0103 cu o experien\u021b\u0103 de peste 15 ani \u00een transport rutier na\u021bional \u0219i interna\u021bional \u0219i \u00een sectorul logistic.<\/p>\n<p>Datorit\u0103 experien\u021bei noastre \u0219i a echipei noastre excelente, am ob\u021binut un portofoliu larg de clien\u021bi consolida\u021bi c\u0103rora le oferim serviciile prin propria flot\u0103, garant\u00e2nd astfel o munc\u0103 eficient\u0103, sigur\u0103 \u0219i de calitate.<\/p>\n<p>\u00a0\t\t<\/p>\n<h1>Echipa noastr\u0103<\/h1>\n<figure><img decoding=\"async\" loading=\"lazy\" width=\"150\" height=\"150\" src=\"http:\/\/giannitrans.com\/wp-content\/uploads\/2019\/09\/gianni-150x150.jpg\" alt=\"\" \/><\/figure>\n<p>Manager<br \/>Departamentul de trafic<\/p>\n<ul>\n<li><\/li>\n<li><\/li>\n<li><\/li>\n<li><\/li>\n<li><\/li>\n<\/ul>\n<p>Gianni<\/p>\n<figure><img decoding=\"async\" loading=\"lazy\" width=\"150\" height=\"150\" src=\"http:\/\/giannitrans.com\/wp-content\/uploads\/2019\/09\/WhatsApp-Image-2019-09-05-at-16.32.35-150x150.jpeg\" alt=\"\" \/><\/figure>\n<p>Departamentul de contabilitate<\/p>\n<ul>\n<li><\/li>\n<li><\/li>\n<li><\/li>\n<li><\/li>\n<li><\/li>\n<\/ul>\n<p>Ram\u00f3n Truta<\/p>\n<figure><img decoding=\"async\" loading=\"lazy\" width=\"150\" height=\"150\" src=\"http:\/\/giannitrans.com\/wp-content\/uploads\/2019\/09\/CCI09092019-150x150.jpg\" alt=\"\" srcset=\"http:\/\/giannitrans.com\/wp-content\/uploads\/2019\/09\/CCI09092019-150x150.jpg 150w, http:\/\/giannitrans.com\/wp-content\/uploads\/2019\/09\/CCI09092019-100x100.jpg 100w\" sizes=\"(max-width: 150px) 100vw, 150px\" \/><\/figure>\n<p>Manager<br \/>Departamentul de trafic<\/p>\n<ul>\n<li><\/li>\n<li><\/li>\n<li><\/li>\n<li><\/li>\n<li><\/li>\n<\/ul>\n<p>Hans Jaros<\/p>\n<figure><img decoding=\"async\" loading=\"lazy\" width=\"150\" height=\"150\" src=\"http:\/\/giannitrans.com\/wp-content\/uploads\/2019\/09\/FOTO-150x150.jpg\" alt=\"\" \/><\/figure>\n<p>Departamentul de trafic<\/p>\n<ul>\n<li><\/li>\n<li><\/li>\n<li><\/li>\n<li><\/li>\n<li><\/li>\n<\/ul>\n<p>Rozalia Jaros<\/p>\n<figure><img decoding=\"async\" loading=\"lazy\" width=\"150\" height=\"150\" src=\"http:\/\/giannitrans.com\/wp-content\/uploads\/2019\/09\/vir-150x150.jpg\" alt=\"Virginia_administrativa\" \/><\/figure>\n<p>Departamentul de administrare \u0219i informa\u021bii<\/p>\n<ul>\n<li><\/li>\n<li><\/li>\n<li><\/li>\n<li><\/li>\n<li><\/li>\n<\/ul>\n<p>Virginia Sancho<\/p>\n","protected":false},"excerpt":{"rendered":"<p>Giannitrans este o companie modern\u0103 cu o experien\u021b\u0103 de peste 15 ani \u00een transport rutier na\u021bional \u0219i interna\u021bional \u0219i \u00een sectorul logistic. Datorit\u0103 experien\u021bei noastre \u0219i a echipei noastre excelente, am ob\u021binut un portofoliu larg de clien\u021bi consolida\u021bi c\u0103rora le oferim serviciile prin propria flot\u0103, garant\u00e2nd astfel o munc\u0103 eficient\u0103, sigur\u0103 \u0219i de calitate. \u00a0 [&hellip;]<\/p>\n","protected":false},"author":1,"featured_media":0,"parent":0,"menu_order":0,"comment_status":"closed","ping_status":"closed","template":"elementor_header_footer","meta":{"_et_pb_use_builder":"","_et_pb_old_content":"","_et_gb_content_width":"","_monsterinsights_skip_tracking":false,"_monsterinsights_sitenote_active":false,"_monsterinsights_sitenote_note":"","_monsterinsights_sitenote_category":0},"_links":{"self":[{"href":"https:\/\/giannitrans.com\/index.php\/wp-json\/wp\/v2\/pages\/683"}],"collection":[{"href":"https:\/\/giannitrans.com\/index.php\/wp-json\/wp\/v2\/pages"}],"about":[{"href":"https:\/\/giannitrans.com\/index.php\/wp-json\/wp\/v2\/types\/page"}],"author":[{"embeddable":true,"href":"https:\/\/giannitrans.com\/index.php\/wp-json\/wp\/v2\/users\/1"}],"replies":[{"embeddable":true,"href":"https:\/\/giannitrans.com\/index.php\/wp-json\/wp\/v2\/comments?post=683"}],"version-history":[{"count":13,"href":"https:\/\/giannitrans.com\/index.php\/wp-json\/wp\/v2\/pages\/683\/revisions"}],"predecessor-version":[{"id":796,"href":"https:\/\/giannitrans.com\/index.php\/wp-json\/wp\/v2\/pages\/683\/revisions\/796"}],"wp:attachment":[{"href":"https:\/\/giannitrans.com\/index.php\/wp-json\/wp\/v2\/media?parent=683"}],"curies":[{"name":"wp","href":"https:\/\/api.w.org\/{rel}","templated":true}]}}