{"id":676,"date":"2019-09-25T16:15:02","date_gmt":"2019-09-25T14:15:02","guid":{"rendered":"http:\/\/giannitrans.com\/?page_id=676"},"modified":"2019-10-04T17:39:32","modified_gmt":"2019-10-04T15:39:32","slug":"contact-2","status":"publish","type":"page","link":"https:\/\/giannitrans.com\/index.php\/ro\/contact-2\/","title":{"rendered":"CONTACT"},"content":{"rendered":"<p><\/p>\n<p class=\"is-layout-flex wp-container-3\"><\/p>\n<br class=\"is-layout-flow\" \/><iframe loading=\"lazy\" style=\"border: 0;\" src=\"https:\/\/www.google.com\/maps\/embed?pb=!1m18!1m12!1m3!1d3057.5071732736315!2d-0.056340184176713215!3d39.974769979418895!2m3!1f0!2f0!3f0!3m2!1i1024!2i768!4f13.1!3m3!1m2!1s0xd6001a32e8c2e59%3A0xcf9ee795e20b33d8!2sGIANNITRANS%2C%20S.L.%20Oficinas!5e0!3m2!1ses!2ses!4v1567092498092!5m2!1ses!2ses\" width=\"600\" height=\"450\" frameborder=\"0\" allowfullscreen=\"allowfullscreen\"><\/iframe><br \/>\n<p><\/p>\n<p><\/p>\n<p class=\"is-layout-flow\"><\/p>\n<h4 class=\"wp-block-heading\"><strong>GIANNITRANS,S.L. (BIROU<\/strong>)<\/h4>\n<p><\/p>\n<p><\/p>\n<p>Calle Manuel Aza\u00f1a N\u00ba3<\/p>\n<p><\/p>\n<p><\/p>\n<p>12006 Castell\u00f3n, Espa\u00f1a<\/p>\n<p><\/p>\n<p><\/p>\n<p><a href=\"tel:+34964743340\">Telf: +34964743340<\/a><\/p>\n<p><\/p>\n<p><\/p>\n<p>Fax: +34964059697<\/p>\n<p><\/p>\n<p><\/p>\n<p>E-mail: info@giannitrans.com<\/p>\n<p><\/p>\n<p><\/p>\n<p><\/p>\n<p><\/p>\n<p><\/p>\n<p><\/p>\n<p class=\"is-layout-flex wp-container-6\"><\/p>\n<br class=\"is-layout-flow\" \/><iframe loading=\"lazy\" style=\"border: 0;\" src=\"https:\/\/www.google.com\/maps\/embed?pb=!1m18!1m12!1m3!1d3050.0393867213666!2d0.028567215827268476!3d40.14140637939812!2m3!1f0!2f0!3f0!3m2!1i1024!2i768!4f13.1!3m3!1m2!1s0x12a0075790c4075d%3A0x92616ecdc3100d19!2sGIANNITRANS%2C%20S.L.!5e0!3m2!1ses!2ses!4v1567092158258!5m2!1ses!2ses\" width=\"600\" height=\"450\" frameborder=\"0\" allowfullscreen=\"allowfullscreen\"><\/iframe><br \/>\n<p><\/p>\n<p><\/p>\n<p class=\"is-layout-flow\"><\/p>\n<h4 class=\"wp-block-heading\"><strong>GIANNITRANS,S.L. (DEPOZIT) <\/strong><\/h4>\n<p><\/p>\n<p><\/p>\n<p>Avenida Costa Rica, Pol\u00edgono industrial El Pont, nave 85<\/p>\n<p><\/p>\n<p><\/p>\n<p>12180 Cabanes, Castell\u00f3n, Espa\u00f1a<\/p>\n<p><\/p>\n<p><\/p>\n<p>Telf: +34691050051<\/p>\n<p><\/p>\n<p><\/p>\n<p><\/p>\n<p><\/p>\n<p><\/p>","protected":false},"excerpt":{"rendered":"<p>GIANNITRANS,S.L. (BIROU) Calle Manuel Aza\u00f1a N\u00ba3 12006 Castell\u00f3n, Espa\u00f1a Telf: +34964743340 Fax: +34964059697 E-mail: info@giannitrans.com GIANNITRANS,S.L. (DEPOZIT) Avenida Costa Rica, Pol\u00edgono industrial El Pont, nave 85 12180 Cabanes, Castell\u00f3n, Espa\u00f1a Telf: +34691050051<\/p>\n","protected":false},"author":1,"featured_media":0,"parent":0,"menu_order":-1,"comment_status":"closed","ping_status":"closed","template":"elementor_header_footer","meta":{"_et_pb_use_builder":"","_et_pb_old_content":"","_et_gb_content_width":"","_monsterinsights_skip_tracking":false,"_monsterinsights_sitenote_active":false,"_monsterinsights_sitenote_note":"","_monsterinsights_sitenote_category":0},"_links":{"self":[{"href":"https:\/\/giannitrans.com\/index.php\/wp-json\/wp\/v2\/pages\/676"}],"collection":[{"href":"https:\/\/giannitrans.com\/index.php\/wp-json\/wp\/v2\/pages"}],"about":[{"href":"https:\/\/giannitrans.com\/index.php\/wp-json\/wp\/v2\/types\/page"}],"author":[{"embeddable":true,"href":"https:\/\/giannitrans.com\/index.php\/wp-json\/wp\/v2\/users\/1"}],"replies":[{"embeddable":true,"href":"https:\/\/giannitrans.com\/index.php\/wp-json\/wp\/v2\/comments?post=676"}],"version-history":[{"count":9,"href":"https:\/\/giannitrans.com\/index.php\/wp-json\/wp\/v2\/pages\/676\/revisions"}],"predecessor-version":[{"id":769,"href":"https:\/\/giannitrans.com\/index.php\/wp-json\/wp\/v2\/pages\/676\/revisions\/769"}],"wp:attachment":[{"href":"https:\/\/giannitrans.com\/index.php\/wp-json\/wp\/v2\/media?parent=676"}],"curies":[{"name":"wp","href":"https:\/\/api.w.org\/{rel}","templated":true}]}}