{"id":662,"date":"2019-09-20T18:09:31","date_gmt":"2019-09-20T16:09:31","guid":{"rendered":"http:\/\/giannitrans.com\/?page_id=662"},"modified":"2019-09-20T18:09:55","modified_gmt":"2019-09-20T16:09:55","slug":"logistik","status":"publish","type":"page","link":"https:\/\/giannitrans.com\/index.php\/de\/logistik\/","title":{"rendered":"LOGISTIK"},"content":{"rendered":"<p><img decoding=\"async\" src=\"http:\/\/giannitrans.com\/wp-content\/uploads\/elementor\/thumbs\/WhatsApp-Image-2019-09-05-at-15.04.21-odbxyy3cdlcna30d5xpuih7huf6bt4ogeuec7tj9nw.jpeg\" title=\"WhatsApp Image 2019-09-05 at 15.04.21\" alt=\"WhatsApp Image 2019-09-05 at 15.04.21\" \/><br \/>\n\t\t\t\t\t\t\t\t\t\t<img decoding=\"async\" src=\"http:\/\/giannitrans.com\/wp-content\/uploads\/elementor\/thumbs\/WhatsApp-Image-2019-09-05-at-15.04.502-1-odbxviyjy07tbzm4amv53satbxk3kikouj4elgica4.jpeg\" title=\"WhatsApp Image 2019-09-05 at 15.04.50(2)\" alt=\"WhatsApp Image 2019-09-05 at 15.04.50(2)\" \/>\t\t\t\t\t\t\t\t\t\t\t<\/p>\n<p>In unserem Unternehmen bieten wir ma\u00dfgeschneiderte Dienstleistungen f\u00fcr eine ganzheitliche Logistik an, die auf die Bed\u00fcrfnisse unserer Kunden zugeschnitten sind. Wir verf\u00fcgen \u00fcber 500 m\u00b2 R\u00e4umlichkeiten und verpflichten uns, die von uns transportierten oder gelagerten Waren zur richtigen Zeit und am richtigen Ort zu lagern bessere Konditionen, die so viel wie m\u00f6glich zu ihrer Rentabilit\u00e4t beitragen.<\/p>\n","protected":false},"excerpt":{"rendered":"<p>In unserem Unternehmen bieten wir ma\u00dfgeschneiderte Dienstleistungen f\u00fcr eine ganzheitliche Logistik an, die auf die Bed\u00fcrfnisse unserer Kunden zugeschnitten sind. Wir verf\u00fcgen \u00fcber 500 m\u00b2 R\u00e4umlichkeiten und verpflichten uns, die von uns transportierten oder gelagerten Waren zur richtigen Zeit und am richtigen Ort zu lagern bessere Konditionen, die so viel wie m\u00f6glich zu ihrer Rentabilit\u00e4t [&hellip;]<\/p>\n","protected":false},"author":1,"featured_media":0,"parent":0,"menu_order":0,"comment_status":"closed","ping_status":"closed","template":"elementor_header_footer","meta":{"_et_pb_use_builder":"","_et_pb_old_content":"","_et_gb_content_width":"","_monsterinsights_skip_tracking":false,"_monsterinsights_sitenote_active":false,"_monsterinsights_sitenote_note":"","_monsterinsights_sitenote_category":0},"_links":{"self":[{"href":"https:\/\/giannitrans.com\/index.php\/wp-json\/wp\/v2\/pages\/662"}],"collection":[{"href":"https:\/\/giannitrans.com\/index.php\/wp-json\/wp\/v2\/pages"}],"about":[{"href":"https:\/\/giannitrans.com\/index.php\/wp-json\/wp\/v2\/types\/page"}],"author":[{"embeddable":true,"href":"https:\/\/giannitrans.com\/index.php\/wp-json\/wp\/v2\/users\/1"}],"replies":[{"embeddable":true,"href":"https:\/\/giannitrans.com\/index.php\/wp-json\/wp\/v2\/comments?post=662"}],"version-history":[{"count":2,"href":"https:\/\/giannitrans.com\/index.php\/wp-json\/wp\/v2\/pages\/662\/revisions"}],"predecessor-version":[{"id":664,"href":"https:\/\/giannitrans.com\/index.php\/wp-json\/wp\/v2\/pages\/662\/revisions\/664"}],"wp:attachment":[{"href":"https:\/\/giannitrans.com\/index.php\/wp-json\/wp\/v2\/media?parent=662"}],"curies":[{"name":"wp","href":"https:\/\/api.w.org\/{rel}","templated":true}]}}