{"id":66,"date":"2019-08-29T16:03:51","date_gmt":"2019-08-29T14:03:51","guid":{"rendered":"http:\/\/giannitrans.com\/?page_id=66"},"modified":"2024-12-18T12:24:28","modified_gmt":"2024-12-18T11:24:28","slug":"logistica","status":"publish","type":"page","link":"https:\/\/giannitrans.com\/index.php\/logistica\/","title":{"rendered":"Log\u00edstica"},"content":{"rendered":"<p>[et_pb_section fb_built=\u00bb1&#8243; _builder_version=\u00bb4.21.0&#8243; _module_preset=\u00bbdefault\u00bb custom_padding=\u00bb0px|||||\u00bb global_colors_info=\u00bb{}\u00bb][et_pb_row _builder_version=\u00bb4.21.0&#8243; _module_preset=\u00bbdefault\u00bb global_colors_info=\u00bb{}\u00bb][et_pb_column type=\u00bb4_4&#8243; _builder_version=\u00bb4.21.0&#8243; _module_preset=\u00bbdefault\u00bb global_colors_info=\u00bb{}\u00bb][et_pb_text _builder_version=\u00bb4.21.0&#8243; _module_preset=\u00bbdefault\u00bb header_2_font=\u00bb|600|||||||\u00bb header_2_text_align=\u00bbcenter\u00bb header_2_text_color=\u00bb#E02B20&#8243; header_2_font_size=\u00bb32px\u00bb hover_enabled=\u00bb0&#8243; global_colors_info=\u00bb{}\u00bb sticky_enabled=\u00bb0&#8243;]<\/p>\n<h2>Log\u00edstica<\/h2>\n<p>[\/et_pb_text][\/et_pb_column][\/et_pb_row][et_pb_row column_structure=\u00bb1_2,1_2&#8243; _builder_version=\u00bb4.21.0&#8243; _module_preset=\u00bbdefault\u00bb global_colors_info=\u00bb{}\u00bb][et_pb_column type=\u00bb1_2&#8243; _builder_version=\u00bb4.21.0&#8243; _module_preset=\u00bbdefault\u00bb global_colors_info=\u00bb{}\u00bb][et_pb_image src=\u00bbhttp:\/\/giannitrans.com\/wp-content\/uploads\/2019\/09\/WhatsApp-Image-2019-09-05-at-15.04.502-1.jpeg\u00bb title_text=\u00bbWhatsApp Image 2019-09-05 at 15.04.50(2)\u00bb _builder_version=\u00bb4.21.0&#8243; _module_preset=\u00bbdefault\u00bb global_colors_info=\u00bb{}\u00bb][\/et_pb_image][\/et_pb_column][et_pb_column type=\u00bb1_2&#8243; _builder_version=\u00bb4.21.0&#8243; _module_preset=\u00bbdefault\u00bb global_colors_info=\u00bb{}\u00bb][et_pb_image src=\u00bbhttp:\/\/giannitrans.com\/wp-content\/uploads\/2019\/09\/WhatsApp-Image-2019-09-05-at-15.04.21.jpeg\u00bb title_text=\u00bbWhatsApp Image 2019-09-05 at 15.04.21&#8243; _builder_version=\u00bb4.21.0&#8243; _module_preset=\u00bbdefault\u00bb global_colors_info=\u00bb{}\u00bb][\/et_pb_image][\/et_pb_column][\/et_pb_row][et_pb_row _builder_version=\u00bb4.21.0&#8243; _module_preset=\u00bbdefault\u00bb global_colors_info=\u00bb{}\u00bb][et_pb_column type=\u00bb4_4&#8243; _builder_version=\u00bb4.21.0&#8243; _module_preset=\u00bbdefault\u00bb global_colors_info=\u00bb{}\u00bb][et_pb_text _builder_version=\u00bb4.21.0&#8243; _module_preset=\u00bbdefault\u00bb text_text_color=\u00bb#000000&#8243; text_font_size=\u00bb18px\u00bb text_line_height=\u00bb1.8em\u00bb global_colors_info=\u00bb{}\u00bb]<\/p>\n<p>Servicios Personalizados de Log\u00edstica Integral\u00a0<span style=\"color: #ff0000;\"><strong>Giannitrans, S.L.<\/strong><\/span> entendemos que cada cliente tiene necesidades \u00fanicas y, por eso, ofrecemos servicios personalizados de log\u00edstica integral que se adaptan completamente a los requerimientos espec\u00edficos de cada proyecto. Nuestro objetivo es proporcionar soluciones log\u00edsticas eficientes que optimicen la cadena de suministro y contribuyan al crecimiento y \u00e9xito de nuestros clientes. En nuestras Instalaciones (500 m\u00b2) equipadas con la m\u00e1s moderna tecnolog\u00eda para el almacenamiento y gesti\u00f3n de mercanc\u00edas. Estas instalaciones est\u00e1n dise\u00f1adas para cumplir con los m\u00e1s altos est\u00e1ndares de seguridad y organizaci\u00f3n, lo que nos permite ofrecer una atenci\u00f3n personalizada y un control total sobre el proceso log\u00edstico. Nos aseguramos de que todas las operaciones, desde el almacenamiento hasta el transporte, se realizar\u00e1n de manera eficiente y sin contratiempos.<\/p>\n<p><strong>Compromiso con la Eficiencia y Rentabilidad:\u00a0<\/strong> En <span style=\"color: #ff0000;\"><strong>Giannitrans, S.L.<\/strong><\/span> , nuestro compromiso va m\u00e1s all\u00e1 del simple transporte de mercanc\u00edas. Nos dedicamos a optimizar todo el proceso log\u00edstico, garantizando que los bienes que transportamos o almacenamos est\u00e9n siempre en el lugar adecuado, en el momento preciso y bajo las mejores condiciones posibles. Nos aseguramos de que cada carga llegue a su destino de forma segura, minimizando tiempos de tr\u00e1nsito y costos adicionales. Este enfoque no solo mejora la eficiencia de la operaci\u00f3n log\u00edstica, sino que tambi\u00e9n contribuye directamente a la <strong>rentabilidad <\/strong>de nuestros clientes. Al brindar soluciones personalizadas y adaptadas, ayudamos a <strong>maximizar la productividad <\/strong>y <strong>reducir los costos operativos<\/strong>, permitiendo que nuestros clientes se enfoquen en su negocio mientras nosotros nos ocupamos de la log\u00edstica.<\/p>\n<p><strong>Proceso Log\u00edstico:<\/strong> Desde el primer contacto, analizamos las necesidades espec\u00edficas de cada cliente para dise\u00f1ar un plan log\u00edstico optimizado que garantice el uso eficiente de recursos, minimizando tiempos de entrega. y reduciendo costos operativos.\u00a0<\/p>\n<p>[\/et_pb_text][\/et_pb_column][\/et_pb_row][\/et_pb_section]<\/p>\n","protected":false},"excerpt":{"rendered":"<p>Log\u00edsticaServicios Personalizados de Log\u00edstica Integral\u00a0Giannitrans, S.L. entendemos que cada cliente tiene necesidades \u00fanicas y, por eso, ofrecemos servicios personalizados de log\u00edstica integral que se adaptan completamente a los requerimientos espec\u00edficos de cada proyecto. Nuestro objetivo es proporcionar soluciones log\u00edsticas eficientes que optimicen la cadena de suministro y contribuyan al crecimiento y \u00e9xito de nuestros clientes. [&hellip;]<\/p>\n","protected":false},"author":1,"featured_media":0,"parent":0,"menu_order":0,"comment_status":"closed","ping_status":"closed","template":"","meta":{"_et_pb_use_builder":"on","_et_pb_old_content":"<img src=\"http:\/\/giannitrans.com\/wp-content\/uploads\/elementor\/thumbs\/WhatsApp-Image-2019-09-05-at-15.04.21-odbxyy3cdlcna30d5xpuih7huf6bt4ogeuec7tj9nw.jpeg\" title=\"WhatsApp Image 2019-09-05 at 15.04.21\" alt=\"WhatsApp Image 2019-09-05 at 15.04.21\">\n<img src=\"http:\/\/giannitrans.com\/wp-content\/uploads\/elementor\/thumbs\/WhatsApp-Image-2019-09-05-at-15.04.502-1-odbxviyjy07tbzm4amv53satbxk3kikouj4elgica4.jpeg\" title=\"WhatsApp Image 2019-09-05 at 15.04.50(2)\" alt=\"WhatsApp Image 2019-09-05 at 15.04.50(2)\">\nEn nuestra empresa ofrecemos servicios personalizados de log\u00edstica integral como respuesta a las necesidades de nuestros clientes para lo que contamos con unas instalaciones de 500 m\u00b2, comprometiendonos a que los bienes que transportamos o almacenamos est\u00e9n en el lugar apropiado, en el momento preciso y en la mejores condiciones , participando en lo m\u00e1ximo posible a su rentabilidad.","_et_gb_content_width":"","_monsterinsights_skip_tracking":false,"_monsterinsights_sitenote_active":false,"_monsterinsights_sitenote_note":"","_monsterinsights_sitenote_category":0},"_links":{"self":[{"href":"https:\/\/giannitrans.com\/index.php\/wp-json\/wp\/v2\/pages\/66"}],"collection":[{"href":"https:\/\/giannitrans.com\/index.php\/wp-json\/wp\/v2\/pages"}],"about":[{"href":"https:\/\/giannitrans.com\/index.php\/wp-json\/wp\/v2\/types\/page"}],"author":[{"embeddable":true,"href":"https:\/\/giannitrans.com\/index.php\/wp-json\/wp\/v2\/users\/1"}],"replies":[{"embeddable":true,"href":"https:\/\/giannitrans.com\/index.php\/wp-json\/wp\/v2\/comments?post=66"}],"version-history":[{"count":16,"href":"https:\/\/giannitrans.com\/index.php\/wp-json\/wp\/v2\/pages\/66\/revisions"}],"predecessor-version":[{"id":933,"href":"https:\/\/giannitrans.com\/index.php\/wp-json\/wp\/v2\/pages\/66\/revisions\/933"}],"wp:attachment":[{"href":"https:\/\/giannitrans.com\/index.php\/wp-json\/wp\/v2\/media?parent=66"}],"curies":[{"name":"wp","href":"https:\/\/api.w.org\/{rel}","templated":true}]}}