{"id":65,"date":"2019-08-29T16:04:29","date_gmt":"2019-08-29T14:04:29","guid":{"rendered":"http:\/\/giannitrans.com\/?page_id=65"},"modified":"2024-12-18T11:19:28","modified_gmt":"2024-12-18T10:19:28","slug":"empresa","status":"publish","type":"page","link":"https:\/\/giannitrans.com\/index.php\/empresa\/","title":{"rendered":"Empresa"},"content":{"rendered":"<p>[et_pb_section fb_built=\u00bb1&#8243; _builder_version=\u00bb4.16&#8243; min_height=\u00bb1867.9px\u00bb global_colors_info=\u00bb{}\u00bb][et_pb_row _builder_version=\u00bb4.21.0&#8243; _module_preset=\u00bbdefault\u00bb custom_margin=\u00bb-61px|auto||auto||\u00bb global_colors_info=\u00bb{}\u00bb][et_pb_column type=\u00bb4_4&#8243; _builder_version=\u00bb4.21.0&#8243; _module_preset=\u00bbdefault\u00bb global_colors_info=\u00bb{}\u00bb][et_pb_text _builder_version=\u00bb4.21.0&#8243; _module_preset=\u00bbdefault\u00bb header_2_font=\u00bb|700|||||||\u00bb header_2_text_align=\u00bbcenter\u00bb header_2_text_color=\u00bb#E02B20&#8243; header_2_font_size=\u00bb32px\u00bb global_colors_info=\u00bb{}\u00bb]<\/p>\n<h2>Nuestras oficinas<\/h2>\n<p>[\/et_pb_text][\/et_pb_column][\/et_pb_row][et_pb_row _builder_version=\u00bb4.21.0&#8243; background_size=\u00bbinitial\u00bb background_position=\u00bbtop_left\u00bb background_repeat=\u00bbrepeat\u00bb max_width=\u00bb1400px\u00bb global_colors_info=\u00bb{}\u00bb][et_pb_column type=\u00bb4_4&#8243; _builder_version=\u00bb4.16&#8243; custom_padding=\u00bb|||\u00bb global_colors_info=\u00bb{}\u00bb custom_padding__hover=\u00bb|||\u00bb][et_pb_image src=\u00bbhttp:\/\/giannitrans.com\/wp-content\/uploads\/2023\/10\/oficinas-giannitrans-castellon-1.jpg\u00bb title_text=\u00bboficinas-giannitrans-castellon\u00bb align=\u00bbcenter\u00bb _builder_version=\u00bb4.21.0&#8243; _module_preset=\u00bbdefault\u00bb box_shadow_style=\u00bbpreset2&#8243; box_shadow_horizontal=\u00bb1px\u00bb box_shadow_vertical=\u00bb3px\u00bb box_shadow_blur=\u00bb12px\u00bb global_colors_info=\u00bb{}\u00bb][\/et_pb_image][\/et_pb_column][\/et_pb_row][et_pb_row _builder_version=\u00bb4.21.0&#8243; _module_preset=\u00bbdefault\u00bb max_width=\u00bb1400px\u00bb global_colors_info=\u00bb{}\u00bb][et_pb_column type=\u00bb4_4&#8243; _builder_version=\u00bb4.21.0&#8243; _module_preset=\u00bbdefault\u00bb global_colors_info=\u00bb{}\u00bb][et_pb_text _builder_version=\u00bb4.21.0&#8243; _module_preset=\u00bbdefault\u00bb text_text_color=\u00bb#000000&#8243; text_font_size=\u00bb18px\u00bb text_line_height=\u00bb1.8em\u00bb custom_margin=\u00bb-50px|||||\u00bb global_colors_info=\u00bb{}\u00bb]<\/p>\n<p>&nbsp;<\/p>\n<p>Somos una empresa moderna y familiar con m\u00e1s de dos d\u00e9cadas de experiencia en el sector de log\u00edstica y transporte de mercanc\u00edas en toda Europa. En <span style=\"color: #ff0000;\"><strong>Giannitrans, S.L.<\/strong><\/span>, entendemos la importancia de mantener tus productos en movimiento de manera segura y eficiente.<\/p>\n<p>Contamos con una flota propia de vanguardia, equipada con tecnolog\u00eda de \u00faltima generaci\u00f3n y mantenida a los m\u00e1s altos est\u00e1ndares de calidad. Nuestros camiones y cabezas tractoras est\u00e1n dise\u00f1ados para brindar el mejor rendimiento en carretera y para garantizar la puntualidad en la entrega de tus mercanc\u00edas.<\/p>\n<p>Destacamos por nuestra capacidad para manejar cargas pesadas y especiales. Nuestra gr\u00faa de cabezas de cami\u00f3n permite el transporte de mercanc\u00edas voluminosas y garantiza que tus env\u00edos lleguen a su destino en perfectas condiciones.<\/p>\n<p>Con dos d\u00e9cadas de experiencia en el sector, hemos perfeccionado nuestros servicios para satisfacer las necesidades cambiantes de nuestros clientes. Nuestro equipo humano altamente capacitado y comprometido trabaja incansablemente para brindar soluciones log\u00edsticas personalizadas que se adapten a tus requerimientos espec\u00edficos.<\/p>\n<p>En <span style=\"color: #ff0000;\"><strong>Giannitrans, S.L.<\/strong><\/span>, la calidad y la satisfacci\u00f3n del cliente son nuestra m\u00e1xima prioridad. Estamos dedicados a proporcionar un servicio confiable y seguro que cumpla con tus expectativas y supere tus necesidades log\u00edsticas.<\/p>\n<p>Conf\u00eda en nosotros como tu empresa de confianza en log\u00edstica y transporte en Europa. Juntos, llevaremos tu negocio al siguiente nivel.<\/p>\n<p>Contacta con nosotros hoy mismo y descubre c\u00f3mo podemos ayudarte a optimizar tus operaciones log\u00edsticas y a mantener tus mercanc\u00edas en movimiento de manera eficiente y segura.<\/p>\n<p>&nbsp;<\/p>\n<p>[\/et_pb_text][\/et_pb_column][\/et_pb_row][et_pb_row _builder_version=\u00bb4.21.0&#8243; _module_preset=\u00bbdefault\u00bb global_colors_info=\u00bb{}\u00bb][et_pb_column type=\u00bb4_4&#8243; _builder_version=\u00bb4.21.0&#8243; _module_preset=\u00bbdefault\u00bb global_colors_info=\u00bb{}\u00bb][et_pb_text _builder_version=\u00bb4.21.0&#8243; _module_preset=\u00bbdefault\u00bb header_2_font=\u00bb|700|||||||\u00bb header_2_text_align=\u00bbcenter\u00bb header_2_text_color=\u00bb#E02B20&#8243; header_2_font_size=\u00bb32px\u00bb global_colors_info=\u00bb{}\u00bb]<\/p>\n<h2>Nuestro magn\u00edfico equipo<\/h2>\n<p>[\/et_pb_text][\/et_pb_column][\/et_pb_row][et_pb_row column_structure=\u00bb1_6,1_6,1_6,1_6,1_6,1_6&#8243; _builder_version=\u00bb4.21.0&#8243; _module_preset=\u00bbdefault\u00bb max_width=\u00bb1400px\u00bb global_colors_info=\u00bb{}\u00bb][et_pb_column type=\u00bb1_6&#8243; _builder_version=\u00bb4.21.0&#8243; _module_preset=\u00bbdefault\u00bb border_width_all=\u00bb1px\u00bb border_color_all=\u00bb#E02B20&#8243; box_shadow_style=\u00bbpreset3&#8243; global_colors_info=\u00bb{}\u00bb][et_pb_blurb image=\u00bbhttp:\/\/giannitrans.com\/wp-content\/uploads\/2023\/10\/GIANNI.jpg\u00bb _builder_version=\u00bb4.21.0&#8243; _module_preset=\u00bbdefault\u00bb header_level=\u00bbh3&#8243; header_text_color=\u00bb#E02B20&#8243; header_font_size=\u00bb23px\u00bb body_text_color=\u00bbRGBA(255,255,255,0)\u00bb body_font_size=\u00bb18px\u00bb global_colors_info=\u00bb{}\u00bb]<\/p>\n<h4 style=\"text-align: center;\"><span style=\"color: #000000;\">Gianni<\/span><\/h4>\n<h4 style=\"text-align: center;\"><span style=\"color: #ff0000;\">Gerente<\/span><\/h4>\n<h4 style=\"text-align: center;\"><span style=\"color: #ff0000;\">Dpto. tr\u00e1fico<\/span><\/h4>\n<p>[\/et_pb_blurb][\/et_pb_column][et_pb_column type=\u00bb1_6&#8243; _builder_version=\u00bb4.21.0&#8243; _module_preset=\u00bbdefault\u00bb border_width_all=\u00bb1px\u00bb border_color_all=\u00bb#E02B20&#8243; box_shadow_style=\u00bbpreset3&#8243; global_colors_info=\u00bb{}\u00bb][et_pb_blurb image=\u00bbhttp:\/\/giannitrans.com\/wp-content\/uploads\/2023\/10\/RAMON.jpg\u00bb _builder_version=\u00bb4.21.0&#8243; _module_preset=\u00bbdefault\u00bb header_level=\u00bbh3&#8243; header_text_color=\u00bb#E02B20&#8243; header_font_size=\u00bb23px\u00bb body_text_color=\u00bbRGBA(255,255,255,0)\u00bb body_font_size=\u00bb20px\u00bb global_colors_info=\u00bb{}\u00bb]<\/p>\n<h4 style=\"text-align: center;\">Ram\u00f3n Truta<\/h4>\n<h4 style=\"text-align: center;\"><span style=\"color: #ff0000;\">Departamento<\/span><\/h4>\n<h4 style=\"text-align: center;\"><span style=\"color: #ff0000;\">Tr\u00e1fico<\/span><\/h4>\n<p>[\/et_pb_blurb][\/et_pb_column][et_pb_column type=\u00bb1_6&#8243; _builder_version=\u00bb4.21.0&#8243; _module_preset=\u00bbdefault\u00bb global_colors_info=\u00bb{}\u00bb][et_pb_blurb image=\u00bbhttp:\/\/giannitrans.com\/wp-content\/uploads\/2023\/10\/CRIS.jpg\u00bb _builder_version=\u00bb4.21.0&#8243; _module_preset=\u00bbdefault\u00bb header_level=\u00bbh3&#8243; header_text_color=\u00bb#E02B20&#8243; header_font_size=\u00bb23px\u00bb body_text_color=\u00bbRGBA(255,255,255,0)\u00bb body_font_size=\u00bb20px\u00bb border_width_all=\u00bb1px\u00bb border_color_all=\u00bb#E02B20&#8243; box_shadow_style=\u00bbpreset3&#8243; global_colors_info=\u00bb{}\u00bb]<\/p>\n<h4 style=\"text-align: center;\">Hans Jaros<\/h4>\n<h4 style=\"text-align: center;\"><span style=\"color: #ff0000;\">Departamento<\/span><\/h4>\n<h4 style=\"text-align: center;\"><span style=\"color: #ff0000;\">Tr\u00e1fico<\/span><\/h4>\n<p>[\/et_pb_blurb][\/et_pb_column][et_pb_column type=\u00bb1_6&#8243; _builder_version=\u00bb4.21.0&#8243; _module_preset=\u00bbdefault\u00bb global_colors_info=\u00bb{}\u00bb][et_pb_blurb image=\u00bbhttp:\/\/giannitrans.com\/wp-content\/uploads\/2023\/10\/NOEMI.jpg\u00bb _builder_version=\u00bb4.21.0&#8243; _module_preset=\u00bbdefault\u00bb header_level=\u00bbh3&#8243; header_text_color=\u00bb#E02B20&#8243; header_font_size=\u00bb23px\u00bb body_text_color=\u00bbRGBA(255,255,255,0)\u00bb body_font_size=\u00bb18px\u00bb border_width_all=\u00bb1px\u00bb border_color_all=\u00bb#E02B20&#8243; box_shadow_style=\u00bbpreset3&#8243; global_colors_info=\u00bb{}\u00bb]<\/p>\n<h4 style=\"text-align: center;\"><span style=\"color: #000000;\">Ainhoa Castillo<\/span><\/h4>\n<h4 style=\"text-align: center;\"><span style=\"color: #ff0000;\">Departamento<\/span><\/h4>\n<h4 style=\"text-align: center;\"><span style=\"color: #ff0000;\">Contabilidad<\/span><\/h4>\n<p>[\/et_pb_blurb][\/et_pb_column][et_pb_column type=\u00bb1_6&#8243; _builder_version=\u00bb4.21.0&#8243; _module_preset=\u00bbdefault\u00bb global_colors_info=\u00bb{}\u00bb][et_pb_blurb image=\u00bbhttp:\/\/giannitrans.com\/wp-content\/uploads\/2023\/10\/secre-gianni.jpg\u00bb _builder_version=\u00bb4.21.0&#8243; _module_preset=\u00bbdefault\u00bb header_level=\u00bbh3&#8243; header_text_color=\u00bb#E02B20&#8243; header_font_size=\u00bb17px\u00bb body_text_color=\u00bbRGBA(255,255,255,0)\u00bb body_font_size=\u00bb20px\u00bb border_width_all=\u00bb1px\u00bb border_color_all=\u00bb#E02B20&#8243; box_shadow_style=\u00bbpreset3&#8243; global_colors_info=\u00bb{}\u00bb]<\/p>\n<h4 style=\"text-align: center;\">Andrea Alexandra<\/h4>\n<h3 style=\"text-align: center;\"><span style=\"color: #ff0000;\">Departamento<\/span><\/h3>\n<h3 style=\"text-align: center;\"><span style=\"color: #ff0000;\">Administraci\u00f3n<\/span><\/h3>\n<p>[\/et_pb_blurb][\/et_pb_column][et_pb_column type=\u00bb1_6&#8243; _builder_version=\u00bb4.21.0&#8243; _module_preset=\u00bbdefault\u00bb global_colors_info=\u00bb{}\u00bb][et_pb_blurb image=\u00bbhttp:\/\/giannitrans.com\/wp-content\/uploads\/2024\/12\/maria-ursut.jpeg\u00bb _builder_version=\u00bb4.21.0&#8243; _module_preset=\u00bbdefault\u00bb header_level=\u00bbh3&#8243; header_text_color=\u00bb#E02B20&#8243; header_font_size=\u00bb23px\u00bb body_text_color=\u00bbRGBA(255,255,255,0)\u00bb body_font_size=\u00bb20px\u00bb hover_enabled=\u00bb0&#8243; border_width_all=\u00bb1px\u00bb border_color_all=\u00bb#E02B20&#8243; box_shadow_style=\u00bbpreset3&#8243; global_colors_info=\u00bb{}\u00bb sticky_enabled=\u00bb0&#8243;]<\/p>\n<h3 style=\"text-align: center;\"><span style=\"color: #000000;\">Mar\u00eda Ursut<\/span><\/h3>\n<h3 style=\"text-align: center;\"><span style=\"color: #ff0000;\">Departamento<\/span><\/h3>\n<h3 style=\"text-align: center;\"><span style=\"color: #ff0000;\">Contabilidad<\/span><\/h3>\n<p>[\/et_pb_blurb][\/et_pb_column][\/et_pb_row][\/et_pb_section]<\/p>\n","protected":false},"excerpt":{"rendered":"<p>Nuestras oficinas&nbsp; Somos una empresa moderna y familiar con m\u00e1s de dos d\u00e9cadas de experiencia en el sector de log\u00edstica y transporte de mercanc\u00edas en toda Europa. En Giannitrans, S.L., entendemos la importancia de mantener tus productos en movimiento de manera segura y eficiente. Contamos con una flota propia de vanguardia, equipada con tecnolog\u00eda de [&hellip;]<\/p>\n","protected":false},"author":1,"featured_media":0,"parent":0,"menu_order":0,"comment_status":"closed","ping_status":"closed","template":"","meta":{"_et_pb_use_builder":"on","_et_pb_old_content":"<img src=\"http:\/\/giannitrans.com\/wp-content\/uploads\/2019\/09\/oficina_exterior.jpg\" title=\"oficina_exterior\" alt=\"oficina_exterior\">\n<img width=\"700\" height=\"525\" src=\"http:\/\/giannitrans.com\/wp-content\/uploads\/2019\/08\/oficce_3-700x525.jpg\" alt=\"\" srcset=\"http:\/\/giannitrans.com\/wp-content\/uploads\/2019\/08\/oficce_3-700x525.jpg 700w, http:\/\/giannitrans.com\/wp-content\/uploads\/2019\/08\/oficce_3-300x225.jpg 300w, http:\/\/giannitrans.com\/wp-content\/uploads\/2019\/08\/oficce_3-768x576.jpg 768w, http:\/\/giannitrans.com\/wp-content\/uploads\/2019\/08\/oficce_3-800x600.jpg 800w, http:\/\/giannitrans.com\/wp-content\/uploads\/2019\/08\/oficce_3-80x60.jpg 80w\" sizes=\"(max-width: 700px) 100vw, 700px\">\n\n<strong>Giannitrans<\/strong> es una empresa moderna con m\u00e1s de 15 a\u00f1os de experiencia en el transporte nacional e internacional por carretera y en el sector log\u00edstico.\n\nGracias a nuestra experiencia y nuestro gran equipo humano,&nbsp; hemos obtenido una amplia cartera de clientes consolidados a los cuales les prestamos nuestros servicios a traves de nuestra propia flota garantizando as\u00ed un trabajo efectivo, seguro y de calidad.\n<h1>Nuestro equipo<\/h1>\n<figure><img width=\"150\" height=\"150\" src=\"http:\/\/giannitrans.com\/wp-content\/uploads\/2019\/09\/gianni-150x150.jpg\" alt=\"\"><\/figure>\n<ul>\n \t<li>Gerente<\/li>\n \t<li>Departamento tr\u00e1fico<\/li>\n<\/ul>\n<ul>\n \t<li><\/li>\n \t<li><\/li>\n \t<li><\/li>\n \t<li><\/li>\n \t<li><\/li>\n<\/ul>\nGianni\n<figure><img width=\"150\" height=\"150\" src=\"http:\/\/giannitrans.com\/wp-content\/uploads\/2019\/09\/WhatsApp-Image-2019-09-05-at-16.32.35-150x150.jpeg\" alt=\"\"><\/figure>\n<ul>\n \t<li>Departamento&nbsp; contabilidad<\/li>\n<\/ul>\n<ul>\n \t<li><\/li>\n \t<li><\/li>\n \t<li><\/li>\n \t<li><\/li>\n \t<li><\/li>\n<\/ul>\nRam\u00f3n Truta\n<figure><img width=\"150\" height=\"150\" src=\"http:\/\/giannitrans.com\/wp-content\/uploads\/2019\/09\/CCI09092019-150x150.jpg\" alt=\"\" srcset=\"http:\/\/giannitrans.com\/wp-content\/uploads\/2019\/09\/CCI09092019-150x150.jpg 150w, http:\/\/giannitrans.com\/wp-content\/uploads\/2019\/09\/CCI09092019-100x100.jpg 100w\" sizes=\"(max-width: 150px) 100vw, 150px\"><\/figure>\n<ul>\n \t<li>Gerente<\/li>\n \t<li>Departamento tr\u00e1fico<\/li>\n<\/ul>\n<ul>\n \t<li><\/li>\n \t<li><\/li>\n \t<li><\/li>\n \t<li><\/li>\n \t<li><\/li>\n<\/ul>\nHans Jaros\n<figure><img width=\"150\" height=\"150\" src=\"http:\/\/giannitrans.com\/wp-content\/uploads\/2019\/09\/FOTO-150x150.jpg\" alt=\"\"><\/figure>\n<ul>\n \t<li>Departamento&nbsp; tr\u00e1fico<\/li>\n<\/ul>\n<ul>\n \t<li><\/li>\n \t<li><\/li>\n \t<li><\/li>\n \t<li><\/li>\n \t<li><\/li>\n<\/ul>\nRozalia Jaros\n<figure><img width=\"150\" height=\"150\" src=\"http:\/\/giannitrans.com\/wp-content\/uploads\/2019\/09\/vir-150x150.jpg\" alt=\"Virginia_administrativa\"><\/figure>\n<ul>\n \t<li>Departamento administraci\u00f3n e inform\u00e1tica<\/li>\n<\/ul>\n<ul>\n \t<li><\/li>\n \t<li><\/li>\n \t<li><\/li>\n \t<li><\/li>\n \t<li><\/li>\n<\/ul>\nVirginia Sancho","_et_gb_content_width":"","_monsterinsights_skip_tracking":false,"_monsterinsights_sitenote_active":false,"_monsterinsights_sitenote_note":"","_monsterinsights_sitenote_category":0},"_links":{"self":[{"href":"https:\/\/giannitrans.com\/index.php\/wp-json\/wp\/v2\/pages\/65"}],"collection":[{"href":"https:\/\/giannitrans.com\/index.php\/wp-json\/wp\/v2\/pages"}],"about":[{"href":"https:\/\/giannitrans.com\/index.php\/wp-json\/wp\/v2\/types\/page"}],"author":[{"embeddable":true,"href":"https:\/\/giannitrans.com\/index.php\/wp-json\/wp\/v2\/users\/1"}],"replies":[{"embeddable":true,"href":"https:\/\/giannitrans.com\/index.php\/wp-json\/wp\/v2\/comments?post=65"}],"version-history":[{"count":61,"href":"https:\/\/giannitrans.com\/index.php\/wp-json\/wp\/v2\/pages\/65\/revisions"}],"predecessor-version":[{"id":919,"href":"https:\/\/giannitrans.com\/index.php\/wp-json\/wp\/v2\/pages\/65\/revisions\/919"}],"wp:attachment":[{"href":"https:\/\/giannitrans.com\/index.php\/wp-json\/wp\/v2\/media?parent=65"}],"curies":[{"name":"wp","href":"https:\/\/api.w.org\/{rel}","templated":true}]}}