{"id":61,"date":"2019-08-29T16:02:51","date_gmt":"2019-08-29T14:02:51","guid":{"rendered":"http:\/\/giannitrans.com\/?page_id=61"},"modified":"2024-12-18T12:25:12","modified_gmt":"2024-12-18T11:25:12","slug":"contacto","status":"publish","type":"page","link":"https:\/\/giannitrans.com\/index.php\/contacto\/","title":{"rendered":"Contacto"},"content":{"rendered":"<p>[et_pb_section fb_built=\u00bb1&#8243; _builder_version=\u00bb4.21.0&#8243; _module_preset=\u00bbdefault\u00bb global_colors_info=\u00bb{}\u00bb][et_pb_row _builder_version=\u00bb4.21.0&#8243; _module_preset=\u00bbdefault\u00bb custom_margin=\u00bb-74px|auto||auto||\u00bb global_colors_info=\u00bb{}\u00bb][et_pb_column type=\u00bb4_4&#8243; _builder_version=\u00bb4.21.0&#8243; _module_preset=\u00bbdefault\u00bb global_colors_info=\u00bb{}\u00bb][et_pb_text _builder_version=\u00bb4.21.0&#8243; _module_preset=\u00bbdefault\u00bb header_2_font=\u00bb|600|||||||\u00bb header_2_text_align=\u00bbcenter\u00bb header_2_text_color=\u00bb#E02B20&#8243; header_2_font_size=\u00bb32px\u00bb hover_enabled=\u00bb0&#8243; global_colors_info=\u00bb{}\u00bb sticky_enabled=\u00bb0&#8243;]<\/p>\n<h2>Contacto<\/h2>\n<p>[\/et_pb_text][et_pb_text _builder_version=\u00bb4.21.0&#8243; _module_preset=\u00bbdefault\u00bb header_2_font=\u00bb|600|||||||\u00bb header_2_text_align=\u00bbcenter\u00bb header_2_text_color=\u00bb#E02B20&#8243; header_2_font_size=\u00bb32px\u00bb header_3_text_align=\u00bbcenter\u00bb header_3_text_color=\u00bb#000000&#8243; header_3_font_size=\u00bb34px\u00bb custom_margin=\u00bb-26px|||||\u00bb global_colors_info=\u00bb{}\u00bb]<\/p>\n<h3>info@giannitrans.com<\/h3>\n<p>[\/et_pb_text][\/et_pb_column][\/et_pb_row][et_pb_row column_structure=\u00bb1_4,1_4,1_4,1_4&#8243; _builder_version=\u00bb4.21.0&#8243; _module_preset=\u00bbdefault\u00bb width=\u00bb100%\u00bb max_width=\u00bb1600px\u00bb global_colors_info=\u00bb{}\u00bb][et_pb_column type=\u00bb1_4&#8243; _builder_version=\u00bb4.21.0&#8243; _module_preset=\u00bbdefault\u00bb global_colors_info=\u00bb{}\u00bb][et_pb_text _builder_version=\u00bb4.21.0&#8243; _module_preset=\u00bbdefault\u00bb global_colors_info=\u00bb{}\u00bb]<iframe src=\"https:\/\/www.google.com\/maps\/embed?pb=!1m14!1m8!1m3!1d6115.000028739286!2d-0.054668!3d39.97493!3m2!1i1024!2i768!4f13.1!3m3!1m2!1s0xd6001a32e8c2e59%3A0xcf9ee795e20b33d8!2sGIANNITRANS%2C%20S.L.%20(OFICINAS)!5e0!3m2!1ses!2ses!4v1734514788079!5m2!1ses!2ses\" width=\"600\" height=\"450\" style=\"border:0;\" allowfullscreen=\"\" loading=\"lazy\" referrerpolicy=\"no-referrer-when-downgrade\"><\/iframe>[\/et_pb_text][et_pb_text _builder_version=\u00bb4.21.0&#8243; _module_preset=\u00bbdefault\u00bb text_text_color=\u00bb#000000&#8243; text_font_size=\u00bb18px\u00bb text_line_height=\u00bb0.8em\u00bb header_4_text_color=\u00bb#E02B20&#8243; global_colors_info=\u00bb{}\u00bb]<\/p>\n<h4 class=\"wp-block-heading\" style=\"text-align: center;\"><strong>GIANNITRANS,S.L. (OFICINA<\/strong>)<\/h4>\n<p style=\"text-align: center;\">Calle Manuel Aza\u00f1a N\u00ba 5-7<\/p>\n<p style=\"text-align: center;\">12006 Castell\u00f3n, Espa\u00f1a<\/p>\n<p style=\"text-align: center;\">Telf: +34 964 743 340<\/p>\n<p style=\"text-align: center;\">[\/et_pb_text][\/et_pb_column][et_pb_column type=\u00bb1_4&#8243; _builder_version=\u00bb4.21.0&#8243; _module_preset=\u00bbdefault\u00bb global_colors_info=\u00bb{}\u00bb][et_pb_text _builder_version=\u00bb4.21.0&#8243; _module_preset=\u00bbdefault\u00bb global_colors_info=\u00bb{}\u00bb]<iframe src=\"https:\/\/www.google.com\/maps\/embed?pb=!1m10!1m8!1m3!1d6100.078807506865!2d0.028567000000000002!3d40.141406!3m2!1i1024!2i768!4f13.1!5e0!3m2!1ses!2ses!4v1734515914910!5m2!1ses!2ses\" width=\"600\" height=\"450\" style=\"border:0;\" allowfullscreen=\"\" loading=\"lazy\" referrerpolicy=\"no-referrer-when-downgrade\"><\/iframe>[\/et_pb_text][et_pb_text _builder_version=\u00bb4.21.0&#8243; _module_preset=\u00bbdefault\u00bb text_text_color=\u00bb#000000&#8243; text_font_size=\u00bb18px\u00bb text_line_height=\u00bb0.8em\u00bb header_4_text_color=\u00bb#E02B20&#8243; global_colors_info=\u00bb{}\u00bb]<\/p>\n<h4 class=\"wp-block-heading\" style=\"text-align: center;\"><strong>GIANNITRANS,S.L. (ALMAC\u00c9N)<\/strong><\/h4>\n<p style=\"text-align: center;\">Avda.\u00a0 Costa Rica, P.I. El Pont, nave 85<\/p>\n<p style=\"text-align: center;\">12180 Cabanes, Castell\u00f3n, Espa\u00f1a<\/p>\n<p style=\"text-align: center;\">Telf: +34 964 743 340<\/p>\n<p>[\/et_pb_text][\/et_pb_column][et_pb_column type=\u00bb1_4&#8243; _builder_version=\u00bb4.21.0&#8243; _module_preset=\u00bbdefault\u00bb global_colors_info=\u00bb{}\u00bb][et_pb_text _builder_version=\u00bb4.21.0&#8243; _module_preset=\u00bbdefault\u00bb global_colors_info=\u00bb{}\u00bb]<iframe src=\"https:\/\/www.google.com\/maps\/embed?pb=!1m18!1m12!1m3!1d3050.0256935921843!2d0.03179259999999999!3d40.14171139999999!2m3!1f0!2f0!3f0!3m2!1i1024!2i768!4f13.1!3m3!1m2!1s0x12a00784c356b8fd%3A0xa23dd4c0b5c2447b!2sGIANNITRANS%20(ALMACEN%202)!5e0!3m2!1ses!2ses!4v1734515981525!5m2!1ses!2ses\" width=\"600\" height=\"450\" style=\"border:0;\" allowfullscreen=\"\" loading=\"lazy\" referrerpolicy=\"no-referrer-when-downgrade\"><\/iframe>[\/et_pb_text][et_pb_text _builder_version=\u00bb4.21.0&#8243; _module_preset=\u00bbdefault\u00bb text_text_color=\u00bb#000000&#8243; text_font_size=\u00bb19px\u00bb text_line_height=\u00bb0.5em\u00bb header_4_text_color=\u00bb#E02B20&#8243; custom_padding=\u00bb||0px|||\u00bb global_colors_info=\u00bb{}\u00bb]<\/p>\n<h4 class=\"wp-block-heading\" style=\"text-align: center;\"><strong>GIANNITRANS,S.L. (ALMAC\u00c9N 2<\/strong>)<\/h4>\n<p style=\"text-align: center;\">Avda. Espa\u00f1a, 70<\/p>\n<p style=\"text-align: center;\">12180 Cabanes, Castell\u00f3n, Espa\u00f1a<\/p>\n<p style=\"text-align: center;\">Telf: +34 964 743 340<\/p>\n<p>[\/et_pb_text][\/et_pb_column][et_pb_column type=\u00bb1_4&#8243; _builder_version=\u00bb4.21.0&#8243; _module_preset=\u00bbdefault\u00bb global_colors_info=\u00bb{}\u00bb][et_pb_text _builder_version=\u00bb4.21.0&#8243; _module_preset=\u00bbdefault\u00bb global_colors_info=\u00bb{}\u00bb]<iframe src=\"https:\/\/www.google.com\/maps\/embed?pb=!1m16!1m12!1m3!1d3049.928545046295!2d0.02928577652053019!3d40.14387537220034!2m3!1f0!2f0!3f0!3m2!1i1024!2i768!4f13.1!2m1!1savenida%20costa%20rica%20nave%2079%20cabanes!5e0!3m2!1ses!2ses!4v1734517355838!5m2!1ses!2ses\" width=\"600\" height=\"450\" style=\"border:0;\" allowfullscreen=\"\" loading=\"lazy\" referrerpolicy=\"no-referrer-when-downgrade\"><\/iframe>[\/et_pb_text][et_pb_text _builder_version=\u00bb4.21.0&#8243; _module_preset=\u00bbdefault\u00bb text_text_color=\u00bb#000000&#8243; text_font_size=\u00bb19px\u00bb text_line_height=\u00bb0.5em\u00bb header_4_text_color=\u00bb#E02B20&#8243; global_colors_info=\u00bb{}\u00bb]<\/p>\n<h4 class=\"wp-block-heading\" style=\"text-align: center;\"><strong>GIANNITRANS,S.L. (ALMAC\u00c9N 3<\/strong>)<\/h4>\n<p style=\"text-align: center;\">Avda. Costa Rica, P.I. El Pont, nave 79<\/p>\n<p style=\"text-align: center;\">12180 Cabanes, Castell\u00f3n, Espa\u00f1a<\/p>\n<p style=\"text-align: center;\">Telf: +34 964 743 340<\/p>\n<p>[\/et_pb_text][\/et_pb_column][\/et_pb_row][\/et_pb_section]<\/p>\n","protected":false},"excerpt":{"rendered":"<p>Contactoinfo@giannitrans.comGIANNITRANS,S.L. (OFICINA) Calle Manuel Aza\u00f1a N\u00ba 5-7 12006 Castell\u00f3n, Espa\u00f1a Telf: +34 964 743 340 GIANNITRANS,S.L. (ALMAC\u00c9N) Avda.\u00a0 Costa Rica, P.I. El Pont, nave 85 12180 Cabanes, Castell\u00f3n, Espa\u00f1a Telf: +34 964 743 340GIANNITRANS,S.L. (ALMAC\u00c9N 2) Avda. Espa\u00f1a, 70 12180 Cabanes, Castell\u00f3n, Espa\u00f1a Telf: +34 964 743 340GIANNITRANS,S.L. (ALMAC\u00c9N 3) Avda. Costa Rica, P.I. El [&hellip;]<\/p>\n","protected":false},"author":1,"featured_media":0,"parent":0,"menu_order":-1,"comment_status":"closed","ping_status":"closed","template":"","meta":{"_et_pb_use_builder":"on","_et_pb_old_content":"<p><\/p>\n\n<!-- wp:columns -->\n<div class=\"wp-block-columns\"><!-- wp:column {\"width\":63} -->\n<div class=\"wp-block-column\" style=\"flex-basis:63%\"><!-- wp:html -->\n<br><iframe style=\"border: 0;\" src=\"https:\/\/www.google.com\/maps\/embed?pb=!1m18!1m12!1m3!1d3057.5071732736315!2d-0.056340184176713215!3d39.974769979418895!2m3!1f0!2f0!3f0!3m2!1i1024!2i768!4f13.1!3m3!1m2!1s0xd6001a32e8c2e59%3A0xcf9ee795e20b33d8!2sGIANNITRANS%2C%20S.L.%20Oficinas!5e0!3m2!1ses!2ses!4v1567092498092!5m2!1ses!2ses\" allowfullscreen=\"allowfullscreen\" width=\"600\" height=\"450\" frameborder=\"0\"><\/iframe><br>\n<!-- \/wp:html --><\/div>\n<!-- \/wp:column -->\n\n<!-- wp:column {\"verticalAlignment\":\"center\",\"width\":37} -->\n<div class=\"wp-block-column is-vertically-aligned-center\" style=\"flex-basis:37%\"><!-- wp:heading {\"level\":4} -->\n<\/p>\n<h4><strong>GIANNITRANS,S.L. (OFICINA<\/strong>)<\/h4>\n<p>\n<!-- \/wp:heading -->\n\n<!-- wp:paragraph -->\n<\/p>\n<p>Calle Manuel Aza\u00f1a N\u00ba3<\/p>\n<p>\n<!-- \/wp:paragraph -->\n\n<!-- wp:paragraph -->\n<\/p>\n<p>12006 Castell\u00f3n, Espa\u00f1a<\/p>\n<p>\n<!-- \/wp:paragraph -->\n\n<!-- wp:paragraph -->\n<\/p>\n<p>Telf: +34964743340<\/p>\n<p>\n<!-- \/wp:paragraph -->\n\n<!-- wp:paragraph -->\n<\/p>\n<p>Fax: +34964059697<\/p>\n<p>\n<!-- \/wp:paragraph -->\n\n<!-- wp:paragraph -->\n<\/p>\n<p>E-mail: info@giannitrans.com<\/p>\n<p>\n<!-- \/wp:paragraph -->\n\n<!-- wp:paragraph -->\n<\/p>\n<p>\n<!-- \/wp:paragraph --><\/div>\n<!-- \/wp:column --><\/div>\n<!-- \/wp:columns -->\n\n<p><\/p>\n\n<!-- wp:columns -->\n<div class=\"wp-block-columns\"><!-- wp:column {\"width\":63} -->\n<div class=\"wp-block-column\" style=\"flex-basis:63%\"><!-- wp:html -->\n<br><iframe style=\"border: 0;\" src=\"https:\/\/www.google.com\/maps\/embed?pb=!1m18!1m12!1m3!1d3050.0393867213666!2d0.028567215827268476!3d40.14140637939812!2m3!1f0!2f0!3f0!3m2!1i1024!2i768!4f13.1!3m3!1m2!1s0x12a0075790c4075d%3A0x92616ecdc3100d19!2sGIANNITRANS%2C%20S.L.!5e0!3m2!1ses!2ses!4v1567092158258!5m2!1ses!2ses\" allowfullscreen=\"allowfullscreen\" width=\"600\" height=\"450\" frameborder=\"0\"><\/iframe><br>\n<!-- \/wp:html --><\/div>\n<!-- \/wp:column -->\n\n<!-- wp:column {\"verticalAlignment\":\"center\",\"width\":37} -->\n<div class=\"wp-block-column is-vertically-aligned-center\" style=\"flex-basis:37%\"><!-- wp:heading {\"level\":4} -->\n<\/p>\n<h4><strong>GIANNITRANS,S.L. (ALMAC\u00c9N) <\/strong><\/h4>\n<p>\n<!-- \/wp:heading -->\n\n<!-- wp:paragraph -->\n<\/p>\n<p>Avenida Costa Rica, Pol\u00edgono industrial El Pont, nave 85<\/p>\n<p>\n<!-- \/wp:paragraph -->\n\n<!-- wp:paragraph -->\n<\/p>\n<p>12180 Cabanes, Castell\u00f3n, Espa\u00f1a<\/p>\n<p>\n<!-- \/wp:paragraph -->\n\n<!-- wp:paragraph -->\n<\/p>\n<p>Telf: +34691050051<\/p>\n<p>\n<!-- \/wp:paragraph -->\n\n<!-- wp:paragraph -->\n<\/p>\n<p>\n<!-- \/wp:paragraph --><\/div>\n<!-- \/wp:column --><\/div>\n<!-- \/wp:columns -->\n\n<p><\/p>","_et_gb_content_width":"","_monsterinsights_skip_tracking":false,"_monsterinsights_sitenote_active":false,"_monsterinsights_sitenote_note":"","_monsterinsights_sitenote_category":0},"_links":{"self":[{"href":"https:\/\/giannitrans.com\/index.php\/wp-json\/wp\/v2\/pages\/61"}],"collection":[{"href":"https:\/\/giannitrans.com\/index.php\/wp-json\/wp\/v2\/pages"}],"about":[{"href":"https:\/\/giannitrans.com\/index.php\/wp-json\/wp\/v2\/types\/page"}],"author":[{"embeddable":true,"href":"https:\/\/giannitrans.com\/index.php\/wp-json\/wp\/v2\/users\/1"}],"replies":[{"embeddable":true,"href":"https:\/\/giannitrans.com\/index.php\/wp-json\/wp\/v2\/comments?post=61"}],"version-history":[{"count":24,"href":"https:\/\/giannitrans.com\/index.php\/wp-json\/wp\/v2\/pages\/61\/revisions"}],"predecessor-version":[{"id":934,"href":"https:\/\/giannitrans.com\/index.php\/wp-json\/wp\/v2\/pages\/61\/revisions\/934"}],"wp:attachment":[{"href":"https:\/\/giannitrans.com\/index.php\/wp-json\/wp\/v2\/media?parent=61"}],"curies":[{"name":"wp","href":"https:\/\/api.w.org\/{rel}","templated":true}]}}